{"id":2891,"date":"2025-03-20T16:20:57","date_gmt":"2025-03-20T15:20:57","guid":{"rendered":"https:\/\/fachkraefteallianz-nr.de\/?page_id=2891"},"modified":"2026-04-13T07:24:11","modified_gmt":"2026-04-13T05:24:11","slug":"aussteller-2026","status":"publish","type":"page","link":"https:\/\/fachkraefteallianz-nr.de\/index.php\/aussteller-2026\/","title":{"rendered":"Aussteller 2026"},"content":{"rendered":"<div id=\"team\" class=\"fusion-container-anchor\"><div class=\"fusion-fullwidth fullwidth-box fusion-builder-row-1 fusion-flex-container has-pattern-background has-mask-background nonhundred-percent-fullwidth non-hundred-percent-height-scrolling\" style=\"--link_hover_color: var(--awb-color4);--link_color: var(--awb-color5);--awb-background-position:left top;--awb-border-sizes-top:0px;--awb-border-sizes-bottom:0px;--awb-border-sizes-left:0px;--awb-border-sizes-right:0px;--awb-border-radius-top-left:0px;--awb-border-radius-top-right:0px;--awb-border-radius-bottom-right:0px;--awb-border-radius-bottom-left:0px;--awb-padding-top:110px;--awb-padding-bottom:130px;--awb-padding-top-medium:90px;--awb-padding-bottom-medium:90px;--awb-margin-bottom-medium:0px;--awb-background-color:var(--awb-color1);\" ><div class=\"fusion-builder-row fusion-row fusion-flex-align-items-flex-start fusion-flex-justify-content-center\" style=\"max-width:calc( 1200px + 80px );margin-left: calc(-80px \/ 2 );margin-right: calc(-80px \/ 2 );\"><div class=\"fusion-layout-column fusion_builder_column fusion-builder-column-0 fusion_builder_column_2_3 2_3 fusion-flex-column\" style=\"--awb-bg-size:cover;--awb-width-large:66.666666666667%;--awb-margin-top-large:0px;--awb-spacing-right-large:40px;--awb-margin-bottom-large:0px;--awb-spacing-left-large:40px;--awb-width-medium:60%;--awb-order-medium:0;--awb-spacing-right-medium:40px;--awb-spacing-left-medium:40px;--awb-width-small:100%;--awb-order-small:0;--awb-spacing-right-small:40px;--awb-margin-bottom-small:50px;--awb-spacing-left-small:40px;\"><div class=\"fusion-column-wrapper fusion-column-has-shadow fusion-flex-justify-content-flex-start fusion-content-layout-column\"><div class=\"fusion-image-element \" style=\"text-align:center;--awb-mask-url: url(https:\/\/fachkraefteallianz-nr.de\/wp-content\/plugins\/fusion-builder\/\/assets\/images\/masks\/mask-8.svg);--awb-mask-size: cover;--awb-max-width:400px;--awb-caption-title-size:var(--h2_typography-font-size);--awb-caption-title-transform:var(--h2_typography-text-transform);--awb-caption-title-line-height:var(--h2_typography-line-height);--awb-caption-title-letter-spacing:var(--h2_typography-letter-spacing);\"><span class=\" fusion-imageframe imageframe-none imageframe-1 hover-type-none has-mask\"><img decoding=\"async\" width=\"874\" height=\"784\" title=\"Lageplan\" src=\"https:\/\/fachkraefteallianz-nr.de\/wp-content\/uploads\/2026\/04\/Lageplan.jpg\" data-orig-src=\"https:\/\/fachkraefteallianz-nr.de\/wp-content\/uploads\/2026\/04\/Lageplan.jpg\" alt class=\"lazyload img-responsive wp-image-3003\" srcset=\"data:image\/svg+xml,%3Csvg%20xmlns%3D%27http%3A%2F%2Fwww.w3.org%2F2000%2Fsvg%27%20width%3D%27874%27%20height%3D%27784%27%20viewBox%3D%270%200%20874%20784%27%3E%3Crect%20width%3D%27874%27%20height%3D%27784%27%20fill-opacity%3D%220%22%2F%3E%3C%2Fsvg%3E\" data-srcset=\"https:\/\/fachkraefteallianz-nr.de\/wp-content\/uploads\/2026\/04\/Lageplan-200x179.jpg 200w, https:\/\/fachkraefteallianz-nr.de\/wp-content\/uploads\/2026\/04\/Lageplan-400x359.jpg 400w, https:\/\/fachkraefteallianz-nr.de\/wp-content\/uploads\/2026\/04\/Lageplan-600x538.jpg 600w, https:\/\/fachkraefteallianz-nr.de\/wp-content\/uploads\/2026\/04\/Lageplan-800x718.jpg 800w, https:\/\/fachkraefteallianz-nr.de\/wp-content\/uploads\/2026\/04\/Lageplan.jpg 874w\" data-sizes=\"auto\" data-orig-sizes=\"(max-width: 700px) 100vw, 800px\" \/><\/span><\/div><div class=\"fusion-separator fusion-full-width-sep\" style=\"align-self: center;margin-left: auto;margin-right: auto;margin-top:20px;width:100%;\"><div class=\"fusion-separator-border sep-double\" style=\"--awb-height:20px;--awb-amount:20px;border-color:var(--awb-color3);border-top-width:0px;border-bottom-width:0px;\"><\/div><\/div><style>\n.aussteller-wrap {\n  font-family: Arial, sans-serif;\n  max-width: 100%;\n}\n\n.aussteller-search {\n  width: 100%;\n  max-width: 420px;\n  padding: 12px 16px;\n  margin: 0 0 18px 0;\n  border: 1px solid #d9deea;\n  border-radius: 12px;\n  font-size: 16px;\n  outline: none;\n  box-sizing: border-box;\n}\n\n.aussteller-search:focus {\n  border-color: #4b57c0;\n  box-shadow: 0 0 0 3px rgba(75, 87, 192, 0.12);\n}\n\n\n\n.aussteller-table {\n  width: 100%;\n  border-collapse: separate;\n  border-spacing: 0;\n  font-size: 16px;\n  color: #1f2430;\n}\n\n.aussteller-table thead th {\n  position: sticky;\n  top: 0;\n  background: #eef2ff;\n  color: #283593;\n  text-align: left;\n  padding: 14px 12px;\n  font-weight: 700;\n  border-bottom: 1px solid #d9deea;\n  z-index: 2;\n}\n\n.aussteller-table tbody td {\n  padding: 12px;\n  vertical-align: top;\n  border-bottom: 1px solid #edf0f5;\n}\n\n.aussteller-table tbody tr:nth-child(odd) {\n  background: #ffffff;\n}\n\n.aussteller-table tbody tr:nth-child(even) {\n  background: #f7f9fc;\n}\n\n.aussteller-table tbody tr:hover {\n  background: #eef4ff;\n}\n\n.aussteller-table th:nth-child(1),\n.aussteller-table td:nth-child(1) {\n  width: 72px;\n  white-space: nowrap;\n}\n\n.aussteller-table th:nth-child(3),\n.aussteller-table td:nth-child(3) {\n  width: 180px;\n  white-space: nowrap;\n}\n\n@media (max-width: 768px) {\n  .aussteller-table thead {\n    display: none;\n  }\n\n  .aussteller-table,\n  .aussteller-table tbody,\n  .aussteller-table tr,\n  .aussteller-table td {\n    display: block;\n    width: 100%;\n  }\n\n  .aussteller-table tr {\n    margin-bottom: 12px;\n    border-radius: 12px;\n    overflow: hidden;\n    background: #fff !important;\n    box-shadow: 0 1px 3px rgba(0,0,0,0.05);\n  }\n\n  .aussteller-table td {\n    border-bottom: 1px solid #edf0f5;\n    padding: 10px 12px;\n  }\n\n  .aussteller-table td:last-child {\n    border-bottom: 0;\n  }\n\n  .aussteller-table td::before {\n    content: attr(data-label);\n    display: block;\n    font-size: 13px;\n    font-weight: 700;\n    color: #5b6475;\n    margin-bottom: 4px;\n  }\n}\n<\/style>\n\n<div class=\"aussteller-wrap\">\n  <input type=\"text\" class=\"aussteller-search\" id=\"ausstellerSearch\" placeholder=\"Nach Unternehmen, Institution oder Bereich suchen ...\">\n\n  <div class=\"aussteller-table-wrap\">\n    <table class=\"aussteller-table\" id=\"ausstellerTable\">\n      <thead>\n        <tr>\n          <th>Nr.<\/th>\n          <th>Unternehmen \/ Institution<\/th>\n          <th>Bereich<\/th>\n        <\/tr>\n      <\/thead>\n      <tbody>\n        <tr><td data-label=\"Nr.\">1<\/td><td data-label=\"Unternehmen \/ Institution\">Lohmann & Rauscher<\/td><td data-label=\"Bereich\">Aula<\/td><\/tr>\n        <tr><td data-label=\"Nr.\">2<\/td><td data-label=\"Unternehmen \/ Institution\">Sauer & Knorr<\/td><td data-label=\"Bereich\">Aula<\/td><\/tr>\n        <tr><td data-label=\"Nr.\">3<\/td><td data-label=\"Unternehmen \/ Institution\">Evangelisches Krankenhaus Dierdorf\/Selters<\/td><td data-label=\"Bereich\">Aula<\/td><\/tr>\n        <tr><td data-label=\"Nr.\">4<\/td><td data-label=\"Unternehmen \/ Institution\">B. Braun Gesundheitsservice<\/td><td data-label=\"Bereich\">Aula<\/td><\/tr>\n        <tr><td data-label=\"Nr.\">5<\/td><td data-label=\"Unternehmen \/ Institution\">66 Minuten<\/td><td data-label=\"Bereich\">Aula<\/td><\/tr>\n        <tr><td data-label=\"Nr.\">6<\/td><td data-label=\"Unternehmen \/ Institution\">Evangelische Sozialstation Stra\u00dfenhaus<\/td><td data-label=\"Bereich\">Aula<\/td><\/tr>\n        <tr><td data-label=\"Nr.\">7<\/td><td data-label=\"Unternehmen \/ Institution\">Heinrich Haus<\/td><td data-label=\"Bereich\">Aula<\/td><\/tr>\n        <tr><td data-label=\"Nr.\">8<\/td><td data-label=\"Unternehmen \/ Institution\">GSD Seniorenheime Oberbieber<\/td><td data-label=\"Bereich\">Aula<\/td><\/tr>\n        <tr><td data-label=\"Nr.\">9<\/td><td data-label=\"Unternehmen \/ Institution\">Korian Seniorenzentrum<\/td><td data-label=\"Bereich\">Aula<\/td><\/tr>\n        <tr><td data-label=\"Nr.\">10<\/td><td data-label=\"Unternehmen \/ Institution\">BBS Alice Salomon Schule<\/td><td data-label=\"Bereich\">Aula<\/td><\/tr>\n        <tr><td data-label=\"Nr.\">11<\/td><td data-label=\"Unternehmen \/ Institution\">Dr. Schmidt und Partner<\/td><td data-label=\"Bereich\">Aula<\/td><\/tr>\n        <tr><td data-label=\"Nr.\">12<\/td><td data-label=\"Unternehmen \/ Institution\">VR Bank RheinAhrEifel<\/td><td data-label=\"Bereich\">Aula<\/td><\/tr>\n        <tr><td data-label=\"Nr.\">13<\/td><td data-label=\"Unternehmen \/ Institution\">DRK Rettungsdienst<\/td><td data-label=\"Bereich\">Aula<\/td><\/tr>\n        <tr><td data-label=\"Nr.\">14<\/td><td data-label=\"Unternehmen \/ Institution\">Steuerberater-Kammer RLP<\/td><td data-label=\"Bereich\">Aula<\/td><\/tr>\n        <tr><td data-label=\"Nr.\">15<\/td><td data-label=\"Unternehmen \/ Institution\">Finanzamt Neuwied<\/td><td data-label=\"Bereich\">Aula<\/td><\/tr>\n        <tr><td data-label=\"Nr.\">16<\/td><td data-label=\"Unternehmen \/ Institution\">Hauptzollamt<\/td><td data-label=\"Bereich\">Aula<\/td><\/tr>\n        <tr><td data-label=\"Nr.\">17<\/td><td data-label=\"Unternehmen \/ Institution\">Debeka<\/td><td data-label=\"Bereich\">Aula<\/td><\/tr>\n        <tr><td data-label=\"Nr.\">18<\/td><td data-label=\"Unternehmen \/ Institution\">Sparkasse Neuwied<\/td><td data-label=\"Bereich\">Aula<\/td><\/tr>\n\n        <tr><td data-label=\"Nr.\">19<\/td><td data-label=\"Unternehmen \/ Institution\">Agentur f\u00fcr Arbeit<\/td><td data-label=\"Bereich\">Vorr\u00e4ume Aula (OG)<\/td><\/tr>\n        <tr><td data-label=\"Nr.\">20<\/td><td data-label=\"Unternehmen \/ Institution\">Jobcenter<\/td><td data-label=\"Bereich\">Vorr\u00e4ume Aula (OG)<\/td><\/tr>\n        <tr><td data-label=\"Nr.\">21<\/td><td data-label=\"Unternehmen \/ Institution\">Kreisverwaltung Neuwied<\/td><td data-label=\"Bereich\">Vorr\u00e4ume Aula (OG)<\/td><\/tr>\n        <tr><td data-label=\"Nr.\">22<\/td><td data-label=\"Unternehmen \/ Institution\">Stadtverwaltung Neuwied<\/td><td data-label=\"Bereich\">Vorr\u00e4ume Aula (OG)<\/td><\/tr>\n\n        <tr><td data-label=\"Nr.\">23<\/td><td data-label=\"Unternehmen \/ Institution\">dm drogerie markt<\/td><td data-label=\"Bereich\">Vorr\u00e4ume Aula (EG)<\/td><\/tr>\n        <tr><td data-label=\"Nr.\">24<\/td><td data-label=\"Unternehmen \/ Institution\">Norma<\/td><td data-label=\"Bereich\">Vorr\u00e4ume Aula (EG)<\/td><\/tr>\n        <tr><td data-label=\"Nr.\">25<\/td><td data-label=\"Unternehmen \/ Institution\">Stiftung Bildung<\/td><td data-label=\"Bereich\">Vorr\u00e4ume Aula (EG)<\/td><\/tr>\n        <tr><td data-label=\"Nr.\">26<\/td><td data-label=\"Unternehmen \/ Institution\">Edeka<\/td><td data-label=\"Bereich\">Vorr\u00e4ume Aula (EG)<\/td><\/tr>\n\n        <tr><td data-label=\"Nr.\">27<\/td><td data-label=\"Unternehmen \/ Institution\">IHK Koblenz<\/td><td data-label=\"Bereich\">Schulhof 1<\/td><\/tr>\n        <tr><td data-label=\"Nr.\">28<\/td><td data-label=\"Unternehmen \/ Institution\">Infopoint<\/td><td data-label=\"Bereich\">Schulhof 1<\/td><\/tr>\n        <tr><td data-label=\"Nr.\">29<\/td><td data-label=\"Unternehmen \/ Institution\">David-Roentgen-Schule<\/td><td data-label=\"Bereich\">Schulhof 1<\/td><\/tr>\n        <tr><td data-label=\"Nr.\">30<\/td><td data-label=\"Unternehmen \/ Institution\">Hochschule Koblenz<\/td><td data-label=\"Bereich\">Schulhof 1<\/td><\/tr>\n        <tr><td data-label=\"Nr.\">31<\/td><td data-label=\"Unternehmen \/ Institution\">Huber Parking<\/td><td data-label=\"Bereich\">Schulhof 1<\/td><\/tr>\n        <tr><td data-label=\"Nr.\">32<\/td><td data-label=\"Unternehmen \/ Institution\">MEPA<\/td><td data-label=\"Bereich\">Schulhof 1<\/td><\/tr>\n        <tr><td data-label=\"Nr.\">33<\/td><td data-label=\"Unternehmen \/ Institution\">LTS<\/td><td data-label=\"Bereich\">Schulhof 1<\/td><\/tr>\n        <tr><td data-label=\"Nr.\">34<\/td><td data-label=\"Unternehmen \/ Institution\">Polizeiinspektion Neuwied<\/td><td data-label=\"Bereich\">Schulhof 1<\/td><\/tr>\n        <tr><td data-label=\"Nr.\">35<\/td><td data-label=\"Unternehmen \/ Institution\">Birkenstock<\/td><td data-label=\"Bereich\">Schulhof 1<\/td><\/tr>\n        <tr><td data-label=\"Nr.\">36<\/td><td data-label=\"Unternehmen \/ Institution\">Compu Group<\/td><td data-label=\"Bereich\">Schulhof 1<\/td><\/tr>\n        <tr><td data-label=\"Nr.\">37<\/td><td data-label=\"Unternehmen \/ Institution\">Novelis<\/td><td data-label=\"Bereich\">Schulhof 1<\/td><\/tr>\n        <tr><td data-label=\"Nr.\">38<\/td><td data-label=\"Unternehmen \/ Institution\">Meta Trennwandanlagen<\/td><td data-label=\"Bereich\">Schulhof 1<\/td><\/tr>\n        <tr><td data-label=\"Nr.\">39<\/td><td data-label=\"Unternehmen \/ Institution\">Dr. Boy<\/td><td data-label=\"Bereich\">Schulhof 1<\/td><\/tr>\n        <tr><td data-label=\"Nr.\">40<\/td><td data-label=\"Unternehmen \/ Institution\">W. Schmitt Feuerwehrtechnik<\/td><td data-label=\"Bereich\">Schulhof 1<\/td><\/tr>\n        <tr><td data-label=\"Nr.\">41<\/td><td data-label=\"Unternehmen \/ Institution\">KWL Blechverarbeitung<\/td><td data-label=\"Bereich\">Schulhof 1<\/td><\/tr>\n        <tr><td data-label=\"Nr.\">42<\/td><td data-label=\"Unternehmen \/ Institution\">Presto Humus<\/td><td data-label=\"Bereich\">Schulhof 1<\/td><\/tr>\n        <tr><td data-label=\"Nr.\">43<\/td><td data-label=\"Unternehmen \/ Institution\">AGO Stahlbau<\/td><td data-label=\"Bereich\">Schulhof 1<\/td><\/tr>\n        <tr><td data-label=\"Nr.\">44<\/td><td data-label=\"Unternehmen \/ Institution\">Dyckerhoff<\/td><td data-label=\"Bereich\">Schulhof 1<\/td><\/tr>\n        <tr><td data-label=\"Nr.\">45<\/td><td data-label=\"Unternehmen \/ Institution\">Haus Rabenhorst<\/td><td data-label=\"Bereich\">Schulhof 1<\/td><\/tr>\n        <tr><td data-label=\"Nr.\">46<\/td><td data-label=\"Unternehmen \/ Institution\">Kriminalinspektion Neuwied<\/td><td data-label=\"Bereich\">Schulhof 1<\/td><\/tr>\n        <tr><td data-label=\"Nr.\">47<\/td><td data-label=\"Unternehmen \/ Institution\">Bundeswehr<\/td><td data-label=\"Bereich\">Schulhof 1<\/td><\/tr>\n        <tr><td data-label=\"Nr.\">48<\/td><td data-label=\"Unternehmen \/ Institution\">Bundespolizei<\/td><td data-label=\"Bereich\">Schulhof 1<\/td><\/tr>\n        <tr><td data-label=\"Nr.\">49<\/td><td data-label=\"Unternehmen \/ Institution\">Hack<\/td><td data-label=\"Bereich\">Schulhof 1<\/td><\/tr>\n        <tr><td data-label=\"Nr.\">50<\/td><td data-label=\"Unternehmen \/ Institution\">Mets\u00e4 Tissue<\/td><td data-label=\"Bereich\">Schulhof 1<\/td><\/tr>\n        <tr><td data-label=\"Nr.\">51<\/td><td data-label=\"Unternehmen \/ Institution\">Van Roje<\/td><td data-label=\"Bereich\">Schulhof 1<\/td><\/tr>\n        <tr><td data-label=\"Nr.\">52<\/td><td data-label=\"Unternehmen \/ Institution\">Koch Industrieanlagen<\/td><td data-label=\"Bereich\">Schulhof 1<\/td><\/tr>\n        <tr><td data-label=\"Nr.\">53<\/td><td data-label=\"Unternehmen \/ Institution\">Basalt-Actien-Gesellschaft<\/td><td data-label=\"Bereich\">Schulhof 1<\/td><\/tr>\n        <tr><td data-label=\"Nr.\">54<\/td><td data-label=\"Unternehmen \/ Institution\">Wirtgen<\/td><td data-label=\"Bereich\">Schulhof 1<\/td><\/tr>\n        <tr><td data-label=\"Nr.\">55<\/td><td data-label=\"Unternehmen \/ Institution\">Raiffeisendruckerei<\/td><td data-label=\"Bereich\">Schulhof 1<\/td><\/tr>\n        <tr><td data-label=\"Nr.\">56<\/td><td data-label=\"Unternehmen \/ Institution\">Stadtwerke Neuwied<\/td><td data-label=\"Bereich\">Schulhof 1<\/td><\/tr>\n        <tr><td data-label=\"Nr.\">57<\/td><td data-label=\"Unternehmen \/ Institution\">Tesla<\/td><td data-label=\"Bereich\">Schulhof 1<\/td><\/tr>\n        <tr><td data-label=\"Nr.\">58<\/td><td data-label=\"Unternehmen \/ Institution\">Thyssenkrupp-Rasselstein<\/td><td data-label=\"Bereich\">Schulhof 1<\/td><\/tr>\n        <tr><td data-label=\"Nr.\">59<\/td><td data-label=\"Unternehmen \/ Institution\">Steuler<\/td><td data-label=\"Bereich\">Schulhof 1<\/td><\/tr>\n        <tr><td data-label=\"Nr.\">60<\/td><td data-label=\"Unternehmen \/ Institution\">Dachser Logistik<\/td><td data-label=\"Bereich\">Schulhof 1<\/td><\/tr>\n        <tr><td data-label=\"Nr.\">61<\/td><td data-label=\"Unternehmen \/ Institution\">voestalpine Signaling<\/td><td data-label=\"Bereich\">Schulhof 1<\/td><\/tr>\n        <tr><td data-label=\"Nr.\">62<\/td><td data-label=\"Unternehmen \/ Institution\">Eaton Industries<\/td><td data-label=\"Bereich\">Schulhof 1<\/td><\/tr>\n        <tr><td data-label=\"Nr.\">63<\/td><td data-label=\"Unternehmen \/ Institution\">St\u00fcrtz Maschinenbau<\/td><td data-label=\"Bereich\">Schulhof 1<\/td><\/tr>\n        <tr><td data-label=\"Nr.\">64<\/td><td data-label=\"Unternehmen \/ Institution\">Skylotec<\/td><td data-label=\"Bereich\">Schulhof 1<\/td><\/tr>\n        <tr><td data-label=\"Nr.\">65<\/td><td data-label=\"Unternehmen \/ Institution\">Niedax<\/td><td data-label=\"Bereich\">Schulhof 1<\/td><\/tr>\n        <tr><td data-label=\"Nr.\">66<\/td><td data-label=\"Unternehmen \/ Institution\">BW Converting<\/td><td data-label=\"Bereich\">Schulhof 1<\/td><\/tr>\n        <tr><td data-label=\"Nr.\">67<\/td><td data-label=\"Unternehmen \/ Institution\">Winkler und D\u00fcnnebier S\u00fc\u00dfwarenmaschinen<\/td><td data-label=\"Bereich\">Schulhof 1<\/td><\/tr>\n        <tr><td data-label=\"Nr.\">68<\/td><td data-label=\"Unternehmen \/ Institution\">Sch\u00fctz<\/td><td data-label=\"Bereich\">Schulhof 1<\/td><\/tr>\n        <tr><td data-label=\"Nr.\">69<\/td><td data-label=\"Unternehmen \/ Institution\">Hyfra Industriek\u00fchlanlagen<\/td><td data-label=\"Bereich\">Schulhof 1<\/td><\/tr>\n\n        <tr><td data-label=\"Nr.\">70<\/td><td data-label=\"Unternehmen \/ Institution\">Sebastian Hoppen Kunstschmiede<\/td><td data-label=\"Bereich\">Schulhof 2<\/td><\/tr>\n        <tr><td data-label=\"Nr.\">71<\/td><td data-label=\"Unternehmen \/ Institution\">Limbach<\/td><td data-label=\"Bereich\">Schulhof 2<\/td><\/tr>\n        <tr><td data-label=\"Nr.\">72<\/td><td data-label=\"Unternehmen \/ Institution\">Alfred Horn<\/td><td data-label=\"Bereich\">Schulhof 2<\/td><\/tr>\n        <tr><td data-label=\"Nr.\">73<\/td><td data-label=\"Unternehmen \/ Institution\">Merbag<\/td><td data-label=\"Bereich\">Schulhof 2<\/td><\/tr>\n        <tr><td data-label=\"Nr.\">74<\/td><td data-label=\"Unternehmen \/ Institution\">POS Polsterservice<\/td><td data-label=\"Bereich\">Schulhof 2<\/td><\/tr>\n        <tr><td data-label=\"Nr.\">75<\/td><td data-label=\"Unternehmen \/ Institution\">Nalbach & Hinkel<\/td><td data-label=\"Bereich\">Schulhof 2<\/td><\/tr>\n        <tr><td data-label=\"Nr.\">76<\/td><td data-label=\"Unternehmen \/ Institution\">Meier Haustechnik<\/td><td data-label=\"Bereich\">Schulhof 2<\/td><\/tr>\n        <tr><td data-label=\"Nr.\">77<\/td><td data-label=\"Unternehmen \/ Institution\">Baugewerks-Innung<\/td><td data-label=\"Bereich\">Schulhof 2<\/td><\/tr>\n        <tr><td data-label=\"Nr.\">78<\/td><td data-label=\"Unternehmen \/ Institution\">Mertgen<\/td><td data-label=\"Bereich\">Schulhof 2<\/td><\/tr>\n        <tr><td data-label=\"Nr.\">79<\/td><td data-label=\"Unternehmen \/ Institution\">Strabag<\/td><td data-label=\"Bereich\">Schulhof 2<\/td><\/tr>\n        <tr><td data-label=\"Nr.\">80<\/td><td data-label=\"Unternehmen \/ Institution\">NM Stahlger\u00e4te<\/td><td data-label=\"Bereich\">Schulhof 2<\/td><\/tr>\n        <tr><td data-label=\"Nr.\">81<\/td><td data-label=\"Unternehmen \/ Institution\">Rheinisches Bildungszentrum<\/td><td data-label=\"Bereich\">Schulhof 2<\/td><\/tr>\n        <tr><td data-label=\"Nr.\">82<\/td><td data-label=\"Unternehmen \/ Institution\">Marienhaus<\/td><td data-label=\"Bereich\">Schulhof 2<\/td><\/tr>\n        <tr><td data-label=\"Nr.\">83<\/td><td data-label=\"Unternehmen \/ Institution\">Zoo Neuwied<\/td><td data-label=\"Bereich\">Schulhof 2<\/td><\/tr>\n        <tr><td data-label=\"Nr.\">84<\/td><td data-label=\"Unternehmen \/ Institution\">Food Hotel<\/td><td data-label=\"Bereich\">Schulhof 2<\/td><\/tr>\n        <tr><td data-label=\"Nr.\">85<\/td><td data-label=\"Unternehmen \/ Institution\">B\u00e4ckerei Lohner<\/td><td data-label=\"Bereich\">Schulhof 2<\/td><\/tr>\n        <tr><td data-label=\"Nr.\">86<\/td><td data-label=\"Unternehmen \/ Institution\">Schornsteinfegerinnung Koblenz<\/td><td data-label=\"Bereich\">Schulhof 2<\/td><\/tr>\n        <tr><td data-label=\"Nr.\">87<\/td><td data-label=\"Unternehmen \/ Institution\">Becker K\u00e4lte- und Klimatechnik<\/td><td data-label=\"Bereich\">Schulhof 2<\/td><\/tr>\n        <tr><td data-label=\"Nr.\">88<\/td><td data-label=\"Unternehmen \/ Institution\">Sanit\u00e4r-, Heizung- und Klimatechnik-Innung<\/td><td data-label=\"Bereich\">Schulhof 2<\/td><\/tr>\n        <tr><td data-label=\"Nr.\">89<\/td><td data-label=\"Unternehmen \/ Institution\">Kreishandwerkerschaft & Handwerkskammer<\/td><td data-label=\"Bereich\">Schulhof 2<\/td><\/tr>\n\n        <tr><td data-label=\"Nr.\">90<\/td><td data-label=\"Unternehmen \/ Institution\">Landes-Innungsverband Dachdecker<\/td><td data-label=\"Bereich\">Schulhof 3<\/td><\/tr>\n        <tr><td data-label=\"Nr.\">91<\/td><td data-label=\"Unternehmen \/ Institution\">Dachdecker-Innung<\/td><td data-label=\"Bereich\">Schulhof 3<\/td><\/tr>\n      <\/tbody>\n    <\/table>\n  <\/div>\n<\/div>\n\n<script>\ndocument.getElementById('ausstellerSearch').addEventListener('keyup', function() {\n  const filter = this.value.toLowerCase();\n  const rows = document.querySelectorAll('#ausstellerTable tbody tr');\n\n  rows.forEach(row => {\n    const text = row.innerText.toLowerCase();\n    row.style.display = text.includes(filter) ? '' : 'none';\n  });\n});\n<\/script><\/div><\/div><div class=\"fusion-layout-column fusion_builder_column fusion-builder-column-1 awb-sticky awb-sticky-small awb-sticky-medium awb-sticky-large fusion_builder_column_1_3 1_3 fusion-flex-column fusion-animated\" style=\"--awb-padding-bottom:160px;--awb-bg-size:cover;--awb-width-large:33.333333333333%;--awb-margin-top-large:0px;--awb-spacing-right-large:40px;--awb-margin-bottom-large:0px;--awb-spacing-left-large:0px;--awb-width-medium:40%;--awb-order-medium:0;--awb-spacing-right-medium:40px;--awb-spacing-left-medium:0px;--awb-width-small:100%;--awb-order-small:0;--awb-spacing-right-small:40px;--awb-spacing-left-small:40px;--awb-sticky-offset:70px;\" data-animationType=\"fadeInUp\" data-animationDuration=\"0.8\" data-animationOffset=\"top-into-view\"><div class=\"fusion-column-wrapper fusion-column-has-shadow fusion-flex-justify-content-flex-start fusion-content-layout-column\"><div class=\"fusion-image-element \" style=\"--awb-aspect-ratio:1 \/ 1;--awb-object-position:47% 100%;--awb-mask-url: url(https:\/\/fachkraefteallianz-nr.de\/wp-content\/plugins\/fusion-builder\/\/assets\/images\/masks\/mask-14.svg);--awb-mask-position: top right;--awb-caption-title-size:var(--h2_typography-font-size);--awb-caption-title-transform:var(--h2_typography-text-transform);--awb-caption-title-line-height:var(--h2_typography-line-height);--awb-caption-title-letter-spacing:var(--h2_typography-letter-spacing);\"><span class=\" fusion-imageframe imageframe-none imageframe-2 hover-type-none has-mask has-aspect-ratio\"><img decoding=\"async\" width=\"2560\" height=\"1080\" title=\"Panoramic teamwork business join hand together concept, Business\" src=\"https:\/\/fachkraefteallianz-nr.de\/wp-content\/uploads\/2023\/02\/AdobeStock_301970826-scaled.jpeg\" data-orig-src=\"https:\/\/fachkraefteallianz-nr.de\/wp-content\/uploads\/2023\/02\/AdobeStock_301970826-scaled.jpeg\" class=\"lazyload img-responsive wp-image-2178 img-with-aspect-ratio\" alt srcset=\"data:image\/svg+xml,%3Csvg%20xmlns%3D%27http%3A%2F%2Fwww.w3.org%2F2000%2Fsvg%27%20width%3D%272560%27%20height%3D%271080%27%20viewBox%3D%270%200%202560%201080%27%3E%3Crect%20width%3D%272560%27%20height%3D%271080%27%20fill-opacity%3D%220%22%2F%3E%3C%2Fsvg%3E\" data-srcset=\"https:\/\/fachkraefteallianz-nr.de\/wp-content\/uploads\/2023\/02\/AdobeStock_301970826-200x84.jpeg 200w, https:\/\/fachkraefteallianz-nr.de\/wp-content\/uploads\/2023\/02\/AdobeStock_301970826-400x169.jpeg 400w, https:\/\/fachkraefteallianz-nr.de\/wp-content\/uploads\/2023\/02\/AdobeStock_301970826-600x253.jpeg 600w, https:\/\/fachkraefteallianz-nr.de\/wp-content\/uploads\/2023\/02\/AdobeStock_301970826-800x337.jpeg 800w, https:\/\/fachkraefteallianz-nr.de\/wp-content\/uploads\/2023\/02\/AdobeStock_301970826-1200x506.jpeg 1200w, https:\/\/fachkraefteallianz-nr.de\/wp-content\/uploads\/2023\/02\/AdobeStock_301970826-scaled.jpeg 2560w\" data-sizes=\"auto\" data-orig-sizes=\"(max-width: 700px) 100vw, 400px\" \/><\/span><\/div><div style=\"text-align:center;\"><a class=\"fusion-button button-flat fusion-button-default-size button-custom fusion-button-default button-1 fusion-button-default-span \" style=\"--button_accent_color:var(--awb-color1);--button_accent_hover_color:var(--awb-color1);--button_border_hover_color:var(--awb-color1);--button_gradient_top_color:var(--awb-color7);--button_gradient_bottom_color:var(--awb-color7);--button_gradient_top_color_hover:var(--awb-color6);--button_gradient_bottom_color_hover:var(--awb-color6);\" target=\"_self\" href=\"https:\/\/fachkraefteallianz-nr.de\/wp-content\/uploads\/2026\/04\/Lageplan-Neuwieder-Ausbildungsmesse-2026.pdf\"><span class=\"fusion-button-icon-divider button-icon-divider-left\"><i class=\"fa-file-pdf fas\" aria-hidden=\"true\"><\/i><\/span><span class=\"fusion-button-text fusion-button-text-left\">DOWNLAOD LAGEPLAN<\/span><\/a><\/div><\/div><\/div><\/div><\/div><\/div>\n","protected":false},"excerpt":{"rendered":"","protected":false},"author":1,"featured_media":0,"parent":0,"menu_order":0,"comment_status":"closed","ping_status":"closed","template":"100-width.php","meta":{"footnotes":""},"class_list":["post-2891","page","type-page","status-publish","hentry"],"acf":[],"_links":{"self":[{"href":"https:\/\/fachkraefteallianz-nr.de\/index.php\/wp-json\/wp\/v2\/pages\/2891","targetHints":{"allow":["GET"]}}],"collection":[{"href":"https:\/\/fachkraefteallianz-nr.de\/index.php\/wp-json\/wp\/v2\/pages"}],"about":[{"href":"https:\/\/fachkraefteallianz-nr.de\/index.php\/wp-json\/wp\/v2\/types\/page"}],"author":[{"embeddable":true,"href":"https:\/\/fachkraefteallianz-nr.de\/index.php\/wp-json\/wp\/v2\/users\/1"}],"replies":[{"embeddable":true,"href":"https:\/\/fachkraefteallianz-nr.de\/index.php\/wp-json\/wp\/v2\/comments?post=2891"}],"version-history":[{"count":22,"href":"https:\/\/fachkraefteallianz-nr.de\/index.php\/wp-json\/wp\/v2\/pages\/2891\/revisions"}],"predecessor-version":[{"id":3014,"href":"https:\/\/fachkraefteallianz-nr.de\/index.php\/wp-json\/wp\/v2\/pages\/2891\/revisions\/3014"}],"wp:attachment":[{"href":"https:\/\/fachkraefteallianz-nr.de\/index.php\/wp-json\/wp\/v2\/media?parent=2891"}],"curies":[{"name":"wp","href":"https:\/\/api.w.org\/{rel}","templated":true}]}}